{"id":1069,"date":"2020-03-27T17:19:38","date_gmt":"2020-03-27T17:19:38","guid":{"rendered":"https:\/\/redfoxcommunication.com\/contact\/quote-request\/"},"modified":"2024-06-10T20:09:36","modified_gmt":"2024-06-10T20:09:36","slug":"quote-request","status":"publish","type":"page","link":"https:\/\/redfoxcommunication.com\/en\/contact\/quote-request\/","title":{"rendered":"Quote Request"},"content":{"rendered":"\n<h2>\n\t\tMake a quote request\n\t<\/h2>\n<h5>\n\t\tPlease simply complete the attached form\n\t<\/h5>\n\t\t\t\t\t<ul id=\"menu-footer-menu\"><li id=\"menu-item-1090\"><a href=\"https:\/\/redfoxcommunication.com\/en\/services\/creation-of-a-website\/\">Website Creation<\/a><\/li>\n<li id=\"menu-item-1087\"><a href=\"https:\/\/redfoxcommunication.com\/en\/services\/seo-search-engine-optimization\/\">SEO<\/a><\/li>\n<li id=\"menu-item-1088\"><a href=\"https:\/\/redfoxcommunication.com\/en\/services\/sem-search-engine-marketing\/\">SEM<\/a><\/li>\n<li id=\"menu-item-1089\"><a href=\"https:\/\/redfoxcommunication.com\/en\/services\/smm-social-media-marketing\/\">SMM<\/a><\/li>\n<li id=\"menu-item-1086\"><a href=\"https:\/\/redfoxcommunication.com\/en\/digital-training\/\">Digital Training<\/a><\/li>\n<li id=\"menu-item-1085\"><a href=\"https:\/\/redfoxcommunication.com\/en\/contact\/quote-request\/\">Quote<\/a><\/li>\n<li id=\"menu-item-1084\"><a href=\"https:\/\/redfoxcommunication.com\/en\/cookie-policy\/\">Cookie Policy<\/a><\/li>\n<li id=\"menu-item-1118\"><a href=\"https:\/\/redfoxcommunication.com\/en\/privacy-declaration\/\">Privacy Declaration<\/a><\/li>\n<\/ul>\t\n\t\t\t\t<img decoding=\"async\" src=\"https:\/\/redfoxcommunication.com\/wp-content\/uploads\/2020\/04\/logo-croped-2020_red-fox-communication.png\" alt=\"logo-croped-2020_red-fox-communication\" title=\"logo-croped-2020_red-fox-communication\" itemprop=\"image\"\/>\n\t\t<h6>Two (2) addresses to serve you better<\/h6>\t\t\t\n\t\t\t\t<p><strong>LAVAL<\/strong><br \/>3030, Boul. Cur\u00e9-Labelle, Suite 300<br \/>Laval, Qu\u00e9bec H7P 0H9<\/p>\n<p><strong>VAUDREUIL-DORION<\/strong><br \/>3660, Boul. de la Cit\u00e9-des-Jeunes, Local 102B<br \/>Vaudreuil-Dorion, QC J7V 8P2<\/p>\n\t<ul>\n\t\t<li>\t\t\t\t\n\t\t<h5><a href=\"tel:+15146663266\" target=\"_self\" aria-label=\"Go to tel:+15146663266\" rel=\"noopener\">514-666-3266<\/a><\/h5><\/li><li>\t\t\t\t\n\t\t<h5><a href=\"tel:+15146669327\" target=\"_self\" aria-label=\"Go to tel:+15146669327\" rel=\"noopener\">514-666-9327<\/a><\/h5><\/li>\t<\/ul>\n\t<p>Monday to Friday, 9 a.m. to 5 p.m.<\/p>\n\n","protected":false},"excerpt":{"rendered":"<p>Make a quote request Please simply complete the attached form Website Creation SEO SEM SMM Digital Training Quote Cookie Policy Privacy Declaration Two (2) addresses to serve you better LAVAL3030, Boul. Cur\u00e9-Labelle, Suite 300Laval, Qu\u00e9bec H7P 0H9 VAUDREUIL-DORION3660, Boul. de la Cit\u00e9-des-Jeunes, Local 102BVaudreuil-Dorion, QC J7V 8P2 514-666-3266 514-666-9327 Monday to Friday, 9 a.m. to [&hellip;]<\/p>\n","protected":false},"author":1,"featured_media":0,"parent":1068,"menu_order":1,"comment_status":"closed","ping_status":"closed","template":"","meta":{"site-sidebar-layout":"default","site-content-layout":"","ast-site-content-layout":"","site-content-style":"default","site-sidebar-style":"default","ast-global-header-display":"","ast-banner-title-visibility":"","ast-main-header-display":"","ast-hfb-above-header-display":"","ast-hfb-below-header-display":"","ast-hfb-mobile-header-display":"","site-post-title":"disabled","ast-breadcrumbs-content":"","ast-featured-img":"","footer-sml-layout":"","theme-transparent-header-meta":"","adv-header-id-meta":"","stick-header-meta":"","header-above-stick-meta":"","header-main-stick-meta":"","header-below-stick-meta":"","astra-migrate-meta-layouts":"default","ast-page-background-enabled":"default","ast-page-background-meta":{"desktop":{"background-color":"var(--ast-global-color-4)","background-image":"","background-repeat":"repeat","background-position":"center center","background-size":"auto","background-attachment":"scroll","background-type":"","background-media":"","overlay-type":"","overlay-color":"","overlay-opacity":"","overlay-gradient":""},"tablet":{"background-color":"","background-image":"","background-repeat":"repeat","background-position":"center center","background-size":"auto","background-attachment":"scroll","background-type":"","background-media":"","overlay-type":"","overlay-color":"","overlay-opacity":"","overlay-gradient":""},"mobile":{"background-color":"","background-image":"","background-repeat":"repeat","background-position":"center center","background-size":"auto","background-attachment":"scroll","background-type":"","background-media":"","overlay-type":"","overlay-color":"","overlay-opacity":"","overlay-gradient":""}},"ast-content-background-meta":{"desktop":{"background-color":"var(--ast-global-color-5)","background-image":"","background-repeat":"repeat","background-position":"center center","background-size":"auto","background-attachment":"scroll","background-type":"","background-media":"","overlay-type":"","overlay-color":"","overlay-opacity":"","overlay-gradient":""},"tablet":{"background-color":"var(--ast-global-color-5)","background-image":"","background-repeat":"repeat","background-position":"center center","background-size":"auto","background-attachment":"scroll","background-type":"","background-media":"","overlay-type":"","overlay-color":"","overlay-opacity":"","overlay-gradient":""},"mobile":{"background-color":"var(--ast-global-color-5)","background-image":"","background-repeat":"repeat","background-position":"center center","background-size":"auto","background-attachment":"scroll","background-type":"","background-media":"","overlay-type":"","overlay-color":"","overlay-opacity":"","overlay-gradient":""}},"footnotes":""},"_links":{"self":[{"href":"https:\/\/redfoxcommunication.com\/en\/wp-json\/wp\/v2\/pages\/1069"}],"collection":[{"href":"https:\/\/redfoxcommunication.com\/en\/wp-json\/wp\/v2\/pages"}],"about":[{"href":"https:\/\/redfoxcommunication.com\/en\/wp-json\/wp\/v2\/types\/page"}],"author":[{"embeddable":true,"href":"https:\/\/redfoxcommunication.com\/en\/wp-json\/wp\/v2\/users\/1"}],"replies":[{"embeddable":true,"href":"https:\/\/redfoxcommunication.com\/en\/wp-json\/wp\/v2\/comments?post=1069"}],"version-history":[{"count":2,"href":"https:\/\/redfoxcommunication.com\/en\/wp-json\/wp\/v2\/pages\/1069\/revisions"}],"predecessor-version":[{"id":1143,"href":"https:\/\/redfoxcommunication.com\/en\/wp-json\/wp\/v2\/pages\/1069\/revisions\/1143"}],"up":[{"embeddable":true,"href":"https:\/\/redfoxcommunication.com\/en\/wp-json\/wp\/v2\/pages\/1068"}],"wp:attachment":[{"href":"https:\/\/redfoxcommunication.com\/en\/wp-json\/wp\/v2\/media?parent=1069"}],"curies":[{"name":"wp","href":"https:\/\/api.w.org\/{rel}","templated":true}]}}